{"id":38,"date":"2024-04-25T12:47:19","date_gmt":"2024-04-25T12:47:19","guid":{"rendered":"http:\/\/upgrade.usm.md\/?page_id=38"},"modified":"2024-04-25T12:47:19","modified_gmt":"2024-04-25T12:47:19","slug":"obiective","status":"publish","type":"page","link":"https:\/\/upgrade.usm.md\/?page_id=38","title":{"rendered":"Obiective"},"content":{"rendered":"<p>Obiectivul principal al proiectului UPGRADE este de a consolida monitorizarea capacit\u0103\u021bii de angajabilitate a absolven\u021bilor de institu\u021bii de \u00eenv\u0103\u021b\u0103m\u00eent superior din Moldova. Proiectul UPGRADE are \u00een vedere elaborarea primului studiu pilot de angajare a absolven\u021bilor \u0219i realizarea primului raport privind capacitatea de angajare a absolven\u021bilor.<\/p>\n<p><strong>OB1<\/strong>: De a promova monitorizarea gradului de angajabilitate a absolven\u021bilor<span class=\"Apple-converted-space\">\u00a0 <\/span>I\u00ceS si construirea consensului na\u021bional<span class=\"Apple-converted-space\">\u00a0 <\/span>\u00een Moldova \u00eentre principalele p\u0103r\u021bi interesate implicate;<\/p>\n<p><strong>OB2<\/strong>: De a imbun\u0103t\u0103\u021bi \u0219i<span class=\"Apple-converted-space\">\u00a0 <\/span>avansa cadrul legislativ \u0219i normativ privind angajabilitatea absolven\u021bilor I\u00ceS la nivel na\u021bional si institu\u021bional \u00een Moldova;<\/p>\n<p><strong>OB3<\/strong>: De a consolida capacitatea uman\u0103 a Ministerului Educa\u021biei si Cercetarii al Republicii Moldova si a I\u00ceS din Moldova de a monitoriza angajabilitatea absolven\u021bilor;<\/p>\n<p><strong>OB4<\/strong>: De a consolida capacitatea personalului I\u00ceS din Republica Moldova de a elabora si realiza studiul<span class=\"Apple-converted-space\">\u00a0 <\/span>de angajabilitate ale absolventilor, de a furniza servicii eficiente de orientare in cariera si de a promova inser\u021bia profesional\u0103 a studen\u021bilor<span class=\"Apple-converted-space\">\u00a0 <\/span>\u0219i absolven\u021bilor pe pia\u021ba muncii.<\/p>\n","protected":false},"excerpt":{"rendered":"<p>Obiectivul principal al proiectului UPGRADE este de a consolida monitorizarea capacit\u0103\u021bii de angajabilitate a absolven\u021bilor de institu\u021bii de \u00eenv\u0103\u021b\u0103m\u00eent superior din Moldova. Proiectul UPGRADE are \u00een vedere elaborarea primului studiu pilot de angajare a absolven\u021bilor \u0219i realizarea primului raport privind capacitatea de angajare a absolven\u021bilor. OB1: De a promova monitorizarea gradului de angajabilitate a absolven\u021bilor\u00a0&hellip; <br \/> <a class=\"read-more\" href=\"https:\/\/upgrade.usm.md\/?page_id=38\">Cite\u0219te mai mult<\/a><\/p>\n","protected":false},"author":1,"featured_media":0,"parent":0,"menu_order":0,"comment_status":"closed","ping_status":"closed","template":"","meta":{"footnotes":""},"class_list":["post-38","page","type-page","status-publish","hentry"],"rttpg_featured_image_url":null,"rttpg_author":{"display_name":"u3_sk1Ls","author_link":"https:\/\/upgrade.usm.md\/?author=1"},"rttpg_comment":0,"rttpg_category":null,"rttpg_excerpt":"Obiectivul principal al proiectului UPGRADE este de a consolida monitorizarea capacit\u0103\u021bii de angajabilitate a absolven\u021bilor de institu\u021bii de \u00eenv\u0103\u021b\u0103m\u00eent superior din Moldova. Proiectul UPGRADE are \u00een vedere elaborarea primului studiu pilot de angajare a absolven\u021bilor \u0219i realizarea primului raport privind capacitatea de angajare a absolven\u021bilor. OB1: De a promova monitorizarea gradului de angajabilitate a absolven\u021bilor\u00a0&hellip;&hellip;","_links":{"self":[{"href":"https:\/\/upgrade.usm.md\/index.php?rest_route=\/wp\/v2\/pages\/38","targetHints":{"allow":["GET"]}}],"collection":[{"href":"https:\/\/upgrade.usm.md\/index.php?rest_route=\/wp\/v2\/pages"}],"about":[{"href":"https:\/\/upgrade.usm.md\/index.php?rest_route=\/wp\/v2\/types\/page"}],"author":[{"embeddable":true,"href":"https:\/\/upgrade.usm.md\/index.php?rest_route=\/wp\/v2\/users\/1"}],"replies":[{"embeddable":true,"href":"https:\/\/upgrade.usm.md\/index.php?rest_route=%2Fwp%2Fv2%2Fcomments&post=38"}],"version-history":[{"count":1,"href":"https:\/\/upgrade.usm.md\/index.php?rest_route=\/wp\/v2\/pages\/38\/revisions"}],"predecessor-version":[{"id":39,"href":"https:\/\/upgrade.usm.md\/index.php?rest_route=\/wp\/v2\/pages\/38\/revisions\/39"}],"wp:attachment":[{"href":"https:\/\/upgrade.usm.md\/index.php?rest_route=%2Fwp%2Fv2%2Fmedia&parent=38"}],"curies":[{"name":"wp","href":"https:\/\/api.w.org\/{rel}","templated":true}]}}